{"id":821,"date":"2025-12-01T12:23:01","date_gmt":"2025-12-01T12:23:01","guid":{"rendered":"https:\/\/lotoarquitectos.com\/?page_id=821"},"modified":"2025-12-01T12:32:47","modified_gmt":"2025-12-01T12:32:47","slug":"politica-de-privacidad","status":"publish","type":"page","link":"https:\/\/lotoarquitectos.com\/en\/politica-de-privacidad\/","title":{"rendered":"Privacy Policy"},"content":{"rendered":"<div data-elementor-type=\"wp-page\" data-elementor-id=\"821\" class=\"elementor elementor-821\" data-elementor-post-type=\"page\">\n\t\t\t\t<div class=\"elementor-element elementor-element-24f9d586 e-flex e-con-boxed e-con e-parent\" data-id=\"24f9d586\" data-element_type=\"container\" data-e-type=\"container\" data-settings=\"{&quot;background_background&quot;:&quot;classic&quot;}\">\n\t\t\t\t\t<div class=\"e-con-inner\">\n\t\t\t\t\t<\/div>\n\t\t\t\t<\/div>\n\t\t<div class=\"elementor-element elementor-element-ad35af5 e-flex e-con-boxed e-con e-parent\" data-id=\"ad35af5\" data-element_type=\"container\" data-e-type=\"container\">\n\t\t\t\t\t<div class=\"e-con-inner\">\n\t\t\t\t<div class=\"elementor-element elementor-element-dc41bf5 elementor-widget elementor-widget-text-editor\" data-id=\"dc41bf5\" data-element_type=\"widget\" data-e-type=\"widget\" data-widget_type=\"text-editor.default\">\n\t\t\t\t\t\t\t\t\t<p data-start=\"163\" data-end=\"471\">In <strong data-start=\"166\" data-end=\"191\">Eugenio Torres Pastor<\/strong> We are committed to protecting the privacy and personal data of our users. This Privacy Policy aims to inform you about how we collect, use, protect, and share your personal information when you access our website and services.<\/p><hr data-start=\"473\" data-end=\"476\" \/><h5 data-start=\"478\" data-end=\"516\"><strong data-start=\"482\" data-end=\"516\">1. Data Controller<\/strong><\/h5><p data-start=\"518\" data-end=\"775\"><strong data-start=\"518\" data-end=\"529\">Name:<\/strong> Eugenio Torres Pastor<br data-start=\"551\" data-end=\"554\" \/><strong data-start=\"554\" data-end=\"566\">NIF\/NIGHT:<\/strong> 15416299C<br data-start=\"576\" data-end=\"579\" \/><strong data-start=\"579\" data-end=\"593\">Address:<\/strong> C\/Count of Altea 17, mezzanine A, 03590 \u2014 Altea<br data-start=\"642\" data-end=\"645\" \/><strong data-start=\"645\" data-end=\"668\">Email:<\/strong> <a class=\"decorated-link cursor-pointer\" rel=\"noopener\" data-start=\"669\" data-end=\"696\">digital@lotoarquitectos.com<\/a><br data-start=\"696\" data-end=\"699\" \/><strong data-start=\"699\" data-end=\"712\">Telephone:<\/strong> +34 678 892 215<br data-start=\"728\" data-end=\"731\" \/><strong data-start=\"731\" data-end=\"745\">Website:<\/strong> <a class=\"decorated-link\" href=\"https:\/\/lotoarquitectos.com\/en\/\" target=\"_new\" rel=\"noopener\" data-start=\"746\" data-end=\"773\">https:\/\/lotoarquitectos.com<\/a><\/p><hr data-start=\"777\" data-end=\"780\" \/><h5 data-start=\"782\" data-end=\"821\"><strong data-start=\"786\" data-end=\"821\">2. Personal Data Collected<\/strong><\/h5><p data-start=\"823\" data-end=\"924\">In <strong data-start=\"826\" data-end=\"849\">lotoarquitectos.com<\/strong> We collect the following personal data through our website:<\/p><ul data-start=\"926\" data-end=\"1232\"><li data-start=\"926\" data-end=\"1033\"><p data-start=\"928\" data-end=\"1033\"><strong data-start=\"928\" data-end=\"954\">Identifying information:<\/strong> Name, surname, email address, telephone number, physical address.<\/p><\/li><li data-start=\"1034\" data-end=\"1232\"><p data-start=\"1036\" data-end=\"1232\"><strong data-start=\"1036\" data-end=\"1060\">Navigation data:<\/strong> IP address, browser type, pages visited, time spent, clicks made and any information generated through interaction with our website.<\/p><\/li><\/ul><hr data-start=\"1234\" data-end=\"1237\" \/><h5 data-start=\"1239\" data-end=\"1301\"><strong data-start=\"1243\" data-end=\"1301\">3. Purposes of Processing Personal Data<\/strong><\/h5><p data-start=\"1303\" data-end=\"1356\">The personal data collected is used for:<\/p><ul data-start=\"1358\" data-end=\"1827\"><li data-start=\"1358\" data-end=\"1469\"><p data-start=\"1360\" data-end=\"1469\"><strong data-start=\"1360\" data-end=\"1388\">Provision of services:<\/strong> Manage requests, inquiries, or services offered through the website.<\/p><\/li><li data-start=\"1470\" data-end=\"1623\"><p data-start=\"1472\" data-end=\"1623\"><strong data-start=\"1472\" data-end=\"1499\">Commercial communication:<\/strong> Send information related to our services, news or offers when the user has given their consent.<\/p><\/li><li data-start=\"1624\" data-end=\"1749\"><p data-start=\"1626\" data-end=\"1749\"><strong data-start=\"1626\" data-end=\"1651\">Website improvement:<\/strong> Analyze user behavior to optimize site experience and functionality.<\/p><\/li><li data-start=\"1750\" data-end=\"1827\"><p data-start=\"1752\" data-end=\"1827\"><strong data-start=\"1752\" data-end=\"1775\">Legal compliance:<\/strong> To comply with legal and tax obligations.<\/p><\/li><\/ul><hr data-start=\"1829\" data-end=\"1832\" \/><h5 data-start=\"1834\" data-end=\"1877\"><strong data-start=\"1838\" data-end=\"1877\">4. Legitimization for the Processing<\/strong><\/h5><p data-start=\"1879\" data-end=\"1945\">The legal bases for the processing of your personal data are:<\/p><ul data-start=\"1947\" data-end=\"2289\"><li data-start=\"1947\" data-end=\"2050\"><p data-start=\"1949\" data-end=\"2050\"><strong data-start=\"1949\" data-end=\"1978\">Contract execution:<\/strong> When the data is required to provide the requested services.<\/p><\/li><li data-start=\"2051\" data-end=\"2183\"><p data-start=\"2053\" data-end=\"2183\"><strong data-start=\"2053\" data-end=\"2084\">User consent:<\/strong> For sending commercial communications or other services that require prior authorization.<\/p><\/li><li data-start=\"2184\" data-end=\"2289\"><p data-start=\"2186\" data-end=\"2289\"><strong data-start=\"2186\" data-end=\"2207\">Legitimate interest:<\/strong> To improve the functioning of our website and the user experience.<\/p><\/li><\/ul><hr data-start=\"2291\" data-end=\"2294\" \/><h5 data-start=\"2296\" data-end=\"2343\"><strong data-start=\"2300\" data-end=\"2343\">5. Retention of Personal Data<\/strong><\/h5><p data-start=\"2345\" data-end=\"2623\">Personal data will only be kept for as long as necessary for the purposes for which it was collected and for compliance with applicable legal obligations.<br data-start=\"2532\" data-end=\"2535\" \/>When they are no longer needed, the data will be securely deleted or anonymized.<\/p><hr data-start=\"2625\" data-end=\"2628\" \/><h5 data-start=\"2630\" data-end=\"2678\"><strong data-start=\"2634\" data-end=\"2678\">6. Recipients of Personal Data<\/strong><\/h5><p data-start=\"2680\" data-end=\"2763\">Your data will not be sold or transferred to third parties, except in the following cases:<\/p><ul data-start=\"2765\" data-end=\"3062\"><li data-start=\"2765\" data-end=\"2940\"><p data-start=\"2767\" data-end=\"2940\"><strong data-start=\"2767\" data-end=\"2805\">External service providers:<\/strong> Such as hosting services, web analytics, or other technology providers that operate under confidentiality and privacy agreements.<\/p><\/li><li data-start=\"2941\" data-end=\"3062\"><p data-start=\"2943\" data-end=\"3062\"><strong data-start=\"2943\" data-end=\"2968\">Legal obligations:<\/strong> When it is necessary to transfer data to competent authorities in accordance with current legislation.<\/p><\/li><\/ul><hr data-start=\"3064\" data-end=\"3067\" \/><h5 data-start=\"3069\" data-end=\"3104\"><strong data-start=\"3073\" data-end=\"3104\">7. User Rights<\/strong><\/h5><p data-start=\"3106\" data-end=\"3159\">As a user, you can exercise the following rights:<\/p><ul data-start=\"3161\" data-end=\"3531\"><li data-start=\"3161\" data-end=\"3199\"><p data-start=\"3163\" data-end=\"3199\"><strong data-start=\"3163\" data-end=\"3173\">Access<\/strong> to your personal data.<\/p><\/li><li data-start=\"3200\" data-end=\"3261\"><p data-start=\"3202\" data-end=\"3261\"><strong data-start=\"3202\" data-end=\"3219\">Rectification<\/strong> of incorrect or incomplete information.<\/p><\/li><li data-start=\"3262\" data-end=\"3322\"><p data-start=\"3264\" data-end=\"3322\"><strong data-start=\"3264\" data-end=\"3277\">Suppression<\/strong> of your data when it is no longer needed.<\/p><\/li><li data-start=\"3323\" data-end=\"3387\"><p data-start=\"3325\" data-end=\"3387\"><strong data-start=\"3325\" data-end=\"3338\">Opposition<\/strong> to treatment in certain circumstances.<\/p><\/li><li data-start=\"3388\" data-end=\"3461\"><p data-start=\"3390\" data-end=\"3461\"><strong data-start=\"3390\" data-end=\"3404\">Limitation<\/strong> of the treatment when so established by the regulations.<\/p><\/li><li data-start=\"3462\" data-end=\"3531\"><p data-start=\"3464\" data-end=\"3531\"><strong data-start=\"3464\" data-end=\"3480\">Portability<\/strong> of your data in a structured and readable format.<\/p><\/li><\/ul><p data-start=\"3533\" data-end=\"3681\">You can exercise these rights by sending a request to:<br data-start=\"3588\" data-end=\"3591\" \/>\ud83d\udce9 <strong data-start=\"3594\" data-end=\"3625\"><a class=\"decorated-link cursor-pointer\" rel=\"noopener\" data-start=\"3596\" data-end=\"3623\">digital@lotoarquitectos.com<\/a><\/strong><br data-start=\"3625\" data-end=\"3628\" \/>\ud83d\udccd Or to the physical address indicated in section 1.<\/p><p data-start=\"3683\" data-end=\"3834\">You can also file a complaint with the <strong data-start=\"3732\" data-end=\"3782\">Spanish Data Protection Agency (AEPD)<\/strong> if you believe your rights have been violated.<\/p><hr data-start=\"3836\" data-end=\"3839\" \/><h5 data-start=\"3841\" data-end=\"3874\"><strong data-start=\"3845\" data-end=\"3874\">8. Data Security<\/strong><\/h5><p data-start=\"3876\" data-end=\"4131\">We apply technical and organizational measures to guarantee the security of your personal data against unauthorized access, loss, alteration or disclosure.<br data-start=\"4039\" data-end=\"4042\" \/>Even so, you should keep in mind that no measure on the Internet is completely infallible.<\/p><hr data-start=\"4133\" data-end=\"4136\" \/><h5 data-start=\"4138\" data-end=\"4185\"><strong data-start=\"4142\" data-end=\"4185\">9. Changes to the Privacy Policy<\/strong><\/h5><p data-start=\"4187\" data-end=\"4404\">Eugenio Torres Pastor reserves the right to modify this Privacy Policy at any time.<br data-start=\"4293\" data-end=\"4296\" \/>Updates will be posted on this website, so we recommend checking it periodically.<\/p><hr data-start=\"4406\" data-end=\"4409\" \/><h5 data-start=\"4411\" data-end=\"4431\"><strong data-start=\"4415\" data-end=\"4431\">10. Contact<\/strong><\/h5><p data-start=\"4433\" data-end=\"4558\">For any questions about this Privacy Policy or the processing of your personal data, you can contact us at:<\/p><p data-start=\"4560\" data-end=\"4621\">\ud83d\udce9 <strong data-start=\"4563\" data-end=\"4594\"><a class=\"decorated-link cursor-pointer\" rel=\"noopener\" data-start=\"4565\" data-end=\"4592\">digital@lotoarquitectos.com<\/a><\/strong><br data-start=\"4594\" data-end=\"4597\" \/>\ud83d\udcde <strong data-start=\"4600\" data-end=\"4619\">+34 678 892 215<\/strong><\/p>\t\t\t\t\t\t\t\t<\/div>\n\t\t\t\t\t<\/div>\n\t\t\t\t<\/div>\n\t\t\t\t<\/div>","protected":false},"excerpt":{"rendered":"<p>En Eugenio Torres Pastor nos comprometemos a proteger la privacidad y los datos personales de nuestros usuarios. Esta Pol\u00edtica de Privacidad tiene como objetivo informarte sobre c\u00f3mo recopilamos, utilizamos, protegemos y compartimos tu informaci\u00f3n personal cuando accedes a nuestro sitio web y servicios. 1. Responsable del Tratamiento Nombre: Eugenio Torres PastorNIF\/NIT: 15416299CDirecci\u00f3n: C\/Conde de Altea&hellip;&nbsp;<a href=\"https:\/\/lotoarquitectos.com\/en\/politica-de-privacidad\/\" rel=\"bookmark\"><span class=\"screen-reader-text\">Privacy Policy<\/span><\/a><\/p>","protected":false},"author":1,"featured_media":0,"parent":0,"menu_order":0,"comment_status":"closed","ping_status":"closed","template":"page-templates\/template-pagebuilder-full-width.php","meta":{"_acf_changed":false,"neve_meta_sidebar":"","neve_meta_container":"","neve_meta_enable_content_width":"off","neve_meta_content_width":100,"neve_meta_title_alignment":"","neve_meta_author_avatar":"","neve_post_elements_order":"","neve_meta_disable_header":"","neve_meta_disable_footer":"","neve_meta_disable_title":"","_joinchat":[],"footnotes":""},"class_list":["post-821","page","type-page","status-publish","hentry"],"acf":[],"yoast_head":"<!-- This site is optimized with the Yoast SEO plugin v27.1.1 - https:\/\/yoast.com\/product\/yoast-seo-wordpress\/ -->\n<title>Pol\u00edtica de privacidad - Loto Arquitectos |\u00a0Arquitectos en Alicante<\/title>\n<meta name=\"robots\" content=\"index, follow, max-snippet:-1, max-image-preview:large, max-video-preview:-1\" \/>\n<link rel=\"canonical\" href=\"https:\/\/lotoarquitectos.com\/en\/politica-de-privacidad\/\" \/>\n<meta property=\"og:locale\" content=\"en_GB\" \/>\n<meta property=\"og:type\" content=\"article\" \/>\n<meta property=\"og:title\" content=\"Pol\u00edtica de privacidad - Loto Arquitectos |\u00a0Arquitectos en Alicante\" \/>\n<meta property=\"og:description\" content=\"En Eugenio Torres Pastor nos comprometemos a proteger la privacidad y los datos personales de nuestros usuarios. Esta Pol\u00edtica de Privacidad tiene como objetivo informarte sobre c\u00f3mo recopilamos, utilizamos, protegemos y compartimos tu informaci\u00f3n personal cuando accedes a nuestro sitio web y servicios. 1. Responsable del Tratamiento Nombre: Eugenio Torres PastorNIF\/NIT: 15416299CDirecci\u00f3n: C\/Conde de Altea&hellip;&nbsp;Pol\u00edtica de privacidad\" \/>\n<meta property=\"og:url\" content=\"https:\/\/lotoarquitectos.com\/en\/politica-de-privacidad\/\" \/>\n<meta property=\"og:site_name\" content=\"Loto Arquitectos |\u00a0Arquitectos en Alicante\" \/>\n<meta property=\"article:modified_time\" content=\"2025-12-01T12:32:47+00:00\" \/>\n<meta name=\"twitter:card\" content=\"summary_large_image\" \/>\n<meta name=\"twitter:label1\" content=\"Estimated reading time\" \/>\n\t<meta name=\"twitter:data1\" content=\"3 minutes\" \/>\n<script type=\"application\/ld+json\" class=\"yoast-schema-graph\">{\"@context\":\"https:\/\/schema.org\",\"@graph\":[{\"@type\":\"WebPage\",\"@id\":\"https:\/\/lotoarquitectos.com\/politica-de-privacidad\/\",\"url\":\"https:\/\/lotoarquitectos.com\/politica-de-privacidad\/\",\"name\":\"Pol\u00edtica de privacidad - Loto Arquitectos |\u00a0Arquitectos en Alicante\",\"isPartOf\":{\"@id\":\"https:\/\/lotoarquitectos.com\/es\/#website\"},\"datePublished\":\"2025-12-01T12:23:01+00:00\",\"dateModified\":\"2025-12-01T12:32:47+00:00\",\"breadcrumb\":{\"@id\":\"https:\/\/lotoarquitectos.com\/politica-de-privacidad\/#breadcrumb\"},\"inLanguage\":\"en-GB\",\"potentialAction\":[{\"@type\":\"ReadAction\",\"target\":[\"https:\/\/lotoarquitectos.com\/politica-de-privacidad\/\"]}]},{\"@type\":\"BreadcrumbList\",\"@id\":\"https:\/\/lotoarquitectos.com\/politica-de-privacidad\/#breadcrumb\",\"itemListElement\":[{\"@type\":\"ListItem\",\"position\":1,\"name\":\"Portada\",\"item\":\"https:\/\/lotoarquitectos.com\/\"},{\"@type\":\"ListItem\",\"position\":2,\"name\":\"Pol\u00edtica de privacidad\"}]},{\"@type\":\"WebSite\",\"@id\":\"https:\/\/lotoarquitectos.com\/es\/#website\",\"url\":\"https:\/\/lotoarquitectos.com\/es\/\",\"name\":\"Loto Arquitectos |\u00a0Arquitectos en Alicante\",\"description\":\"LOTO arquitectos es un estudio de arquitectura y dise\u00f1o fundado en Altea, centrado en el desarrollo de proyectos de vivienda de lujo.\",\"potentialAction\":[{\"@type\":\"SearchAction\",\"target\":{\"@type\":\"EntryPoint\",\"urlTemplate\":\"https:\/\/lotoarquitectos.com\/es\/?s={search_term_string}\"},\"query-input\":{\"@type\":\"PropertyValueSpecification\",\"valueRequired\":true,\"valueName\":\"search_term_string\"}}],\"inLanguage\":\"en-GB\"}]}<\/script>\n<!-- \/ Yoast SEO plugin. -->","yoast_head_json":{"title":"Pol\u00edtica de privacidad - Loto Arquitectos |\u00a0Arquitectos en Alicante","robots":{"index":"index","follow":"follow","max-snippet":"max-snippet:-1","max-image-preview":"max-image-preview:large","max-video-preview":"max-video-preview:-1"},"canonical":"https:\/\/lotoarquitectos.com\/en\/politica-de-privacidad\/","og_locale":"en_GB","og_type":"article","og_title":"Pol\u00edtica de privacidad - Loto Arquitectos |\u00a0Arquitectos en Alicante","og_description":"En Eugenio Torres Pastor nos comprometemos a proteger la privacidad y los datos personales de nuestros usuarios. Esta Pol\u00edtica de Privacidad tiene como objetivo informarte sobre c\u00f3mo recopilamos, utilizamos, protegemos y compartimos tu informaci\u00f3n personal cuando accedes a nuestro sitio web y servicios. 1. Responsable del Tratamiento Nombre: Eugenio Torres PastorNIF\/NIT: 15416299CDirecci\u00f3n: C\/Conde de Altea&hellip;&nbsp;Pol\u00edtica de privacidad","og_url":"https:\/\/lotoarquitectos.com\/en\/politica-de-privacidad\/","og_site_name":"Loto Arquitectos |\u00a0Arquitectos en Alicante","article_modified_time":"2025-12-01T12:32:47+00:00","twitter_card":"summary_large_image","twitter_misc":{"Estimated reading time":"3 minutes"},"schema":{"@context":"https:\/\/schema.org","@graph":[{"@type":"WebPage","@id":"https:\/\/lotoarquitectos.com\/politica-de-privacidad\/","url":"https:\/\/lotoarquitectos.com\/politica-de-privacidad\/","name":"Pol\u00edtica de privacidad - Loto Arquitectos |\u00a0Arquitectos en Alicante","isPartOf":{"@id":"https:\/\/lotoarquitectos.com\/es\/#website"},"datePublished":"2025-12-01T12:23:01+00:00","dateModified":"2025-12-01T12:32:47+00:00","breadcrumb":{"@id":"https:\/\/lotoarquitectos.com\/politica-de-privacidad\/#breadcrumb"},"inLanguage":"en-GB","potentialAction":[{"@type":"ReadAction","target":["https:\/\/lotoarquitectos.com\/politica-de-privacidad\/"]}]},{"@type":"BreadcrumbList","@id":"https:\/\/lotoarquitectos.com\/politica-de-privacidad\/#breadcrumb","itemListElement":[{"@type":"ListItem","position":1,"name":"Portada","item":"https:\/\/lotoarquitectos.com\/"},{"@type":"ListItem","position":2,"name":"Pol\u00edtica de privacidad"}]},{"@type":"WebSite","@id":"https:\/\/lotoarquitectos.com\/es\/#website","url":"https:\/\/lotoarquitectos.com\/es\/","name":"Loto Arquitectos | Architects in Alicante","description":"LOTO arquitectos es un estudio de arquitectura y dise\u00f1o fundado en Altea, centrado en el desarrollo de proyectos de vivienda de lujo.","potentialAction":[{"@type":"SearchAction","target":{"@type":"EntryPoint","urlTemplate":"https:\/\/lotoarquitectos.com\/es\/?s={search_term_string}"},"query-input":{"@type":"PropertyValueSpecification","valueRequired":true,"valueName":"search_term_string"}}],"inLanguage":"en-GB"}]}},"_links":{"self":[{"href":"https:\/\/lotoarquitectos.com\/en\/wp-json\/wp\/v2\/pages\/821","targetHints":{"allow":["GET"]}}],"collection":[{"href":"https:\/\/lotoarquitectos.com\/en\/wp-json\/wp\/v2\/pages"}],"about":[{"href":"https:\/\/lotoarquitectos.com\/en\/wp-json\/wp\/v2\/types\/page"}],"author":[{"embeddable":true,"href":"https:\/\/lotoarquitectos.com\/en\/wp-json\/wp\/v2\/users\/1"}],"replies":[{"embeddable":true,"href":"https:\/\/lotoarquitectos.com\/en\/wp-json\/wp\/v2\/comments?post=821"}],"version-history":[{"count":10,"href":"https:\/\/lotoarquitectos.com\/en\/wp-json\/wp\/v2\/pages\/821\/revisions"}],"predecessor-version":[{"id":850,"href":"https:\/\/lotoarquitectos.com\/en\/wp-json\/wp\/v2\/pages\/821\/revisions\/850"}],"wp:attachment":[{"href":"https:\/\/lotoarquitectos.com\/en\/wp-json\/wp\/v2\/media?parent=821"}],"curies":[{"name":"wp","href":"https:\/\/api.w.org\/{rel}","templated":true}]}}