{"id":831,"date":"2025-12-01T12:28:39","date_gmt":"2025-12-01T12:28:39","guid":{"rendered":"https:\/\/lotoarquitectos.com\/?page_id=831"},"modified":"2025-12-01T12:31:52","modified_gmt":"2025-12-01T12:31:52","slug":"politica-de-cookies","status":"publish","type":"page","link":"https:\/\/lotoarquitectos.com\/en\/politica-de-cookies\/","title":{"rendered":"Cookie policy"},"content":{"rendered":"<div data-elementor-type=\"wp-page\" data-elementor-id=\"831\" class=\"elementor elementor-831\" data-elementor-post-type=\"page\">\n\t\t\t\t<div class=\"elementor-element elementor-element-24f9d586 e-flex e-con-boxed e-con e-parent\" data-id=\"24f9d586\" data-element_type=\"container\" data-e-type=\"container\" data-settings=\"{&quot;background_background&quot;:&quot;classic&quot;}\">\n\t\t\t\t\t<div class=\"e-con-inner\">\n\t\t\t\t\t<\/div>\n\t\t\t\t<\/div>\n\t\t<div class=\"elementor-element elementor-element-ad35af5 e-flex e-con-boxed e-con e-parent\" data-id=\"ad35af5\" data-element_type=\"container\" data-e-type=\"container\">\n\t\t\t\t\t<div class=\"e-con-inner\">\n\t\t\t\t<div class=\"elementor-element elementor-element-dc41bf5 elementor-widget elementor-widget-text-editor\" data-id=\"dc41bf5\" data-element_type=\"widget\" data-e-type=\"widget\" data-widget_type=\"text-editor.default\">\n\t\t\t\t\t\t\t\t\t<p data-start=\"146\" data-end=\"468\">On the website of <strong data-start=\"165\" data-end=\"188\">lotoarquitectos.com<\/strong>, managed by <strong data-start=\"205\" data-end=\"230\">Eugenio Torres Pastor<\/strong>We use cookies to improve user experience, facilitate navigation, and optimize the performance of our website. Below, we explain what cookies are, what types we use, and how you can manage them.<\/p><hr data-start=\"470\" data-end=\"473\" \/><h5 data-start=\"475\" data-end=\"503\"><strong data-start=\"478\" data-end=\"503\">What are cookies?<\/strong><\/h5><p data-start=\"505\" data-end=\"831\">Cookies are small text files that are stored on the user's device (computer, smartphone, tablet, etc.) when they visit a website.<br data-start=\"660\" data-end=\"663\" \/>These cookies allow the website to remember information about your visit, such as language, browsing preferences, or certain actions performed within the site.<\/p><hr data-start=\"833\" data-end=\"836\" \/><h5 data-start=\"838\" data-end=\"872\"><strong data-start=\"841\" data-end=\"872\">Types of Cookies Used<\/strong><\/h5><h5 data-start=\"874\" data-end=\"916\"><strong data-start=\"878\" data-end=\"914\">1. Technical or Necessary Cookies<\/strong><\/h5><p data-start=\"917\" data-end=\"1081\">They are essential for the operation of the website and allow the user to navigate and use basic functions, such as accessing secure areas or processing forms.<\/p><h5 data-start=\"1083\" data-end=\"1119\"><strong data-start=\"1087\" data-end=\"1117\">2. Preference Cookies<\/strong><\/h5><p data-start=\"1120\" data-end=\"1257\">They allow the user to remember settings and preferences, such as language or region, to improve their experience on future visits.<\/p><h5 data-start=\"1259\" data-end=\"1305\"><strong data-start=\"1263\" data-end=\"1303\">3. Analytics or Performance Cookies<\/strong><\/h5><p data-start=\"1306\" data-end=\"1521\">They collect information about how users interact with the site (pages visited, time spent, clicks, etc.).<br data-start=\"1433\" data-end=\"1436\" \/>These cookies help us optimize the functionality and performance of the website.<\/p><h5 data-start=\"1523\" data-end=\"1569\"><strong data-start=\"1527\" data-end=\"1567\">4. Advertising or Marketing Cookies<\/strong><\/h5><p data-start=\"1570\" data-end=\"1814\">They are used to display relevant ads based on the user's interests, both on our site and on others.<br data-start=\"1693\" data-end=\"1696\" \/>In addition, they limit the number of times an ad appears and allow you to measure the effectiveness of advertising campaigns.<\/p><h5 data-start=\"1816\" data-end=\"1848\"><strong data-start=\"1820\" data-end=\"1846\">5. Third-Party Cookies<\/strong><\/h5><p data-start=\"1849\" data-end=\"1920\">Some sections may include cookies installed by third parties, such as:<\/p><ul data-start=\"1922\" data-end=\"2023\"><li data-start=\"1922\" data-end=\"1967\"><p data-start=\"1924\" data-end=\"1967\">Google Analytics (for traffic analysis)<\/p><\/li><li data-start=\"1968\" data-end=\"2023\"><p data-start=\"1970\" data-end=\"2023\">Social media tools (share buttons)<\/p><\/li><\/ul><p data-start=\"2025\" data-end=\"2103\">These cookies are managed by third parties unrelated to <strong data-start=\"2077\" data-end=\"2102\">Eugenio Torres Pastor<\/strong>.<\/p><hr data-start=\"2105\" data-end=\"2108\" \/><h5 data-start=\"2110\" data-end=\"2145\"><strong data-start=\"2113\" data-end=\"2145\">How to manage cookies?<\/strong><\/h5><p data-start=\"2147\" data-end=\"2288\">When you access our website for the first time, a banner will appear allowing you to accept or configure cookies according to your preferences.<\/p><p data-start=\"2290\" data-end=\"2408\">You can change your cookie settings at any time through your browser. Here are the main guides:<\/p><ul data-start=\"2410\" data-end=\"2834\"><li data-start=\"2410\" data-end=\"2485\"><p data-start=\"2412\" data-end=\"2485\"><strong data-start=\"2412\" data-end=\"2429\">Google Chrome<\/strong>: <a class=\"decorated-link\" href=\"https:\/\/support.google.com\/chrome\/answer\/95647?hl=es\" target=\"_new\" rel=\"noopener\" data-start=\"2431\" data-end=\"2483\">https:\/\/support.google.com\/chrome\/answer\/95647?hl=es<\/a><\/p><\/li><li data-start=\"2486\" data-end=\"2610\"><p data-start=\"2488\" data-end=\"2610\"><strong data-start=\"2488\" data-end=\"2507\">Mozilla Firefox<\/strong>: <a class=\"decorated-link\" href=\"https:\/\/support.mozilla.org\/es\/kb\/habilitar-y-deshabilitar-cookies-sitios-web-rastrear-preferencias\" target=\"_new\" rel=\"noopener\" data-start=\"2509\" data-end=\"2608\">https:\/\/support.mozilla.org\/es\/kb\/habilitar-y-deshabilitar-cookies-sitios-web-rastrear-preferencias<\/a><\/p><\/li><li data-start=\"2611\" data-end=\"2685\"><p data-start=\"2613\" data-end=\"2685\"><strong data-start=\"2613\" data-end=\"2623\">Safari<\/strong>: <a class=\"decorated-link\" href=\"https:\/\/support.apple.com\/es-es\/guide\/safari\/sfri11471\/mac\" target=\"_new\" rel=\"noopener\" data-start=\"2625\" data-end=\"2683\">https:\/\/support.apple.com\/es-es\/guide\/safari\/sfri11471\/mac<\/a><\/p><\/li><li data-start=\"2686\" data-end=\"2834\"><p data-start=\"2688\" data-end=\"2834\"><strong data-start=\"2688\" data-end=\"2706\">Microsoft Edge<\/strong>: <a class=\"decorated-link\" href=\"https:\/\/support.microsoft.com\/es-es\/microsoft-edge\/borrar-las-cookies-en-microsoft-edge-63947406-40ac-c3b8-57b9-2a946a29ae09\" target=\"_new\" rel=\"noopener\" data-start=\"2708\" data-end=\"2832\">https:\/\/support.microsoft.com\/es-es\/microsoft-edge\/borrar-las-cookies-en-microsoft-edge-63947406-40ac-c3b8-57b9-2a946a29ae09<\/a><\/p><\/li><\/ul><p data-start=\"2836\" data-end=\"2948\">Disabling cookies could affect the proper functioning of the website or the user experience.<\/p><hr data-start=\"2950\" data-end=\"2953\" \/><h5 data-start=\"2955\" data-end=\"2998\"><strong data-start=\"2958\" data-end=\"2998\">Cookies used on this website<\/strong><\/h5><div class=\"_tableContainer_1rjym_1\"><div class=\"group _tableWrapper_1rjym_13 flex w-fit flex-col-reverse\" tabindex=\"-1\"><table class=\"w-fit min-w-(--thread-content-width)\" data-start=\"3000\" data-end=\"3369\"><thead data-start=\"3000\" data-end=\"3058\"><tr data-start=\"3000\" data-end=\"3058\"><th data-start=\"3000\" data-end=\"3022\" data-col-size=\"sm\">Cookie name<\/th><th data-start=\"3022\" data-end=\"3034\" data-col-size=\"sm\">Supplier<\/th><th data-start=\"3034\" data-end=\"3046\" data-col-size=\"sm\">Purpose<\/th><th data-start=\"3046\" data-end=\"3058\" data-col-size=\"sm\">Duration<\/th><\/tr><\/thead><tbody data-start=\"3118\" data-end=\"3369\"><tr data-start=\"3118\" data-end=\"3193\"><td data-start=\"3118\" data-end=\"3134\" data-col-size=\"sm\">CookieConsent<\/td><td data-col-size=\"sm\" data-start=\"3134\" data-end=\"3143\">Own<\/td><td data-col-size=\"sm\" data-start=\"3143\" data-end=\"3184\">Stores user consent<\/td><td data-col-size=\"sm\" data-start=\"3184\" data-end=\"3193\">1 year<\/td><\/tr><tr data-start=\"3194\" data-end=\"3246\"><td data-start=\"3194\" data-end=\"3200\" data-col-size=\"sm\">_to<\/td><td data-start=\"3200\" data-end=\"3209\" data-col-size=\"sm\">Google<\/td><td data-col-size=\"sm\" data-start=\"3209\" data-end=\"3236\">It distinguishes users<\/td><td data-col-size=\"sm\" data-start=\"3236\" data-end=\"3246\">2 years<\/td><\/tr><tr data-start=\"3247\" data-end=\"3302\"><td data-start=\"3247\" data-end=\"3254\" data-col-size=\"sm\">_gid<\/td><td data-col-size=\"sm\" data-start=\"3254\" data-end=\"3263\">Google<\/td><td data-col-size=\"sm\" data-start=\"3263\" data-end=\"3290\">It distinguishes users<\/td><td data-col-size=\"sm\" data-start=\"3290\" data-end=\"3302\">24 hours<\/td><\/tr><tr data-start=\"3303\" data-end=\"3369\"><td data-start=\"3303\" data-end=\"3310\" data-col-size=\"sm\">_hole<\/td><td data-col-size=\"sm\" data-start=\"3310\" data-end=\"3319\">Google<\/td><td data-col-size=\"sm\" data-start=\"3319\" data-end=\"3357\">Limit the percentage of applications<\/td><td data-col-size=\"sm\" data-start=\"3357\" data-end=\"3369\">1 minute<\/td><\/tr><\/tbody><\/table><\/div><\/div><hr data-start=\"3371\" data-end=\"3374\" \/><h5 data-start=\"3376\" data-end=\"3434\"><strong data-start=\"3379\" data-end=\"3434\">Updates and changes to the Cookie Policy<\/strong><\/h5><p data-start=\"3436\" data-end=\"3638\"><strong data-start=\"3436\" data-end=\"3461\">Eugenio Torres Pastor<\/strong> We reserve the right to modify this Cookie Policy at any time.<br data-start=\"3543\" data-end=\"3546\" \/>Any changes will be posted on this website. We recommend checking it periodically.<\/p><hr data-start=\"3640\" data-end=\"3643\" \/><h5 data-start=\"3645\" data-end=\"3660\"><strong data-start=\"3648\" data-end=\"3660\">Contact<\/strong><\/h5><p data-start=\"3662\" data-end=\"3746\">If you have any questions about our Cookie Policy, you can contact us at:<\/p><p data-start=\"3748\" data-end=\"3807\">\ud83d\udce9 <strong data-start=\"3751\" data-end=\"3782\"><a class=\"decorated-link cursor-pointer\" rel=\"noopener\" data-start=\"3753\" data-end=\"3780\">digital@lotoarquitectos.com<\/a><\/strong><br data-start=\"3782\" data-end=\"3785\" \/>\ud83d\udcde <strong data-start=\"3788\" data-end=\"3807\">+34 678 892 215<\/strong><\/p>\t\t\t\t\t\t\t\t<\/div>\n\t\t\t\t\t<\/div>\n\t\t\t\t<\/div>\n\t\t\t\t<\/div>","protected":false},"excerpt":{"rendered":"<p>En el sitio web de lotoarquitectos.com, gestionado por Eugenio Torres Pastor, utilizamos cookies para mejorar la experiencia de los usuarios, facilitar la navegaci\u00f3n y optimizar el rendimiento de nuestro sitio web. A continuaci\u00f3n, te explicamos qu\u00e9 son las cookies, qu\u00e9 tipos utilizamos y c\u00f3mo puedes gestionarlas. \u00bfQu\u00e9 son las Cookies? Las cookies son peque\u00f1os archivos&hellip;&nbsp;<a href=\"https:\/\/lotoarquitectos.com\/en\/politica-de-cookies\/\" rel=\"bookmark\"><span class=\"screen-reader-text\">Cookie policy<\/span><\/a><\/p>","protected":false},"author":1,"featured_media":0,"parent":0,"menu_order":0,"comment_status":"closed","ping_status":"closed","template":"page-templates\/template-pagebuilder-full-width.php","meta":{"_acf_changed":false,"neve_meta_sidebar":"","neve_meta_container":"","neve_meta_enable_content_width":"off","neve_meta_content_width":100,"neve_meta_title_alignment":"","neve_meta_author_avatar":"","neve_post_elements_order":"","neve_meta_disable_header":"","neve_meta_disable_footer":"","neve_meta_disable_title":"","_joinchat":[],"footnotes":""},"class_list":["post-831","page","type-page","status-publish","hentry"],"acf":[],"yoast_head":"<!-- This site is optimized with the Yoast SEO plugin v27.1.1 - https:\/\/yoast.com\/product\/yoast-seo-wordpress\/ -->\n<title>Pol\u00edtica de cookies - Loto Arquitectos |\u00a0Arquitectos en Alicante<\/title>\n<meta name=\"robots\" content=\"index, follow, max-snippet:-1, max-image-preview:large, max-video-preview:-1\" \/>\n<link rel=\"canonical\" href=\"https:\/\/lotoarquitectos.com\/en\/politica-de-cookies\/\" \/>\n<meta property=\"og:locale\" content=\"en_GB\" \/>\n<meta property=\"og:type\" content=\"article\" \/>\n<meta property=\"og:title\" content=\"Pol\u00edtica de cookies - Loto Arquitectos |\u00a0Arquitectos en Alicante\" \/>\n<meta property=\"og:description\" content=\"En el sitio web de lotoarquitectos.com, gestionado por Eugenio Torres Pastor, utilizamos cookies para mejorar la experiencia de los usuarios, facilitar la navegaci\u00f3n y optimizar el rendimiento de nuestro sitio web. A continuaci\u00f3n, te explicamos qu\u00e9 son las cookies, qu\u00e9 tipos utilizamos y c\u00f3mo puedes gestionarlas. \u00bfQu\u00e9 son las Cookies? Las cookies son peque\u00f1os archivos&hellip;&nbsp;Pol\u00edtica de cookies\" \/>\n<meta property=\"og:url\" content=\"https:\/\/lotoarquitectos.com\/en\/politica-de-cookies\/\" \/>\n<meta property=\"og:site_name\" content=\"Loto Arquitectos |\u00a0Arquitectos en Alicante\" \/>\n<meta property=\"article:modified_time\" content=\"2025-12-01T12:31:52+00:00\" \/>\n<meta name=\"twitter:card\" content=\"summary_large_image\" \/>\n<meta name=\"twitter:label1\" content=\"Estimated reading time\" \/>\n\t<meta name=\"twitter:data1\" content=\"2 minutes\" \/>\n<script type=\"application\/ld+json\" class=\"yoast-schema-graph\">{\"@context\":\"https:\/\/schema.org\",\"@graph\":[{\"@type\":\"WebPage\",\"@id\":\"https:\/\/lotoarquitectos.com\/politica-de-cookies\/\",\"url\":\"https:\/\/lotoarquitectos.com\/politica-de-cookies\/\",\"name\":\"Pol\u00edtica de cookies - Loto Arquitectos |\u00a0Arquitectos en Alicante\",\"isPartOf\":{\"@id\":\"https:\/\/lotoarquitectos.com\/es\/#website\"},\"datePublished\":\"2025-12-01T12:28:39+00:00\",\"dateModified\":\"2025-12-01T12:31:52+00:00\",\"breadcrumb\":{\"@id\":\"https:\/\/lotoarquitectos.com\/politica-de-cookies\/#breadcrumb\"},\"inLanguage\":\"en-GB\",\"potentialAction\":[{\"@type\":\"ReadAction\",\"target\":[\"https:\/\/lotoarquitectos.com\/politica-de-cookies\/\"]}]},{\"@type\":\"BreadcrumbList\",\"@id\":\"https:\/\/lotoarquitectos.com\/politica-de-cookies\/#breadcrumb\",\"itemListElement\":[{\"@type\":\"ListItem\",\"position\":1,\"name\":\"Portada\",\"item\":\"https:\/\/lotoarquitectos.com\/\"},{\"@type\":\"ListItem\",\"position\":2,\"name\":\"Pol\u00edtica de cookies\"}]},{\"@type\":\"WebSite\",\"@id\":\"https:\/\/lotoarquitectos.com\/es\/#website\",\"url\":\"https:\/\/lotoarquitectos.com\/es\/\",\"name\":\"Loto Arquitectos |\u00a0Arquitectos en Alicante\",\"description\":\"LOTO arquitectos es un estudio de arquitectura y dise\u00f1o fundado en Altea, centrado en el desarrollo de proyectos de vivienda de lujo.\",\"potentialAction\":[{\"@type\":\"SearchAction\",\"target\":{\"@type\":\"EntryPoint\",\"urlTemplate\":\"https:\/\/lotoarquitectos.com\/es\/?s={search_term_string}\"},\"query-input\":{\"@type\":\"PropertyValueSpecification\",\"valueRequired\":true,\"valueName\":\"search_term_string\"}}],\"inLanguage\":\"en-GB\"}]}<\/script>\n<!-- \/ Yoast SEO plugin. -->","yoast_head_json":{"title":"Pol\u00edtica de cookies - Loto Arquitectos |\u00a0Arquitectos en Alicante","robots":{"index":"index","follow":"follow","max-snippet":"max-snippet:-1","max-image-preview":"max-image-preview:large","max-video-preview":"max-video-preview:-1"},"canonical":"https:\/\/lotoarquitectos.com\/en\/politica-de-cookies\/","og_locale":"en_GB","og_type":"article","og_title":"Pol\u00edtica de cookies - Loto Arquitectos |\u00a0Arquitectos en Alicante","og_description":"En el sitio web de lotoarquitectos.com, gestionado por Eugenio Torres Pastor, utilizamos cookies para mejorar la experiencia de los usuarios, facilitar la navegaci\u00f3n y optimizar el rendimiento de nuestro sitio web. A continuaci\u00f3n, te explicamos qu\u00e9 son las cookies, qu\u00e9 tipos utilizamos y c\u00f3mo puedes gestionarlas. \u00bfQu\u00e9 son las Cookies? Las cookies son peque\u00f1os archivos&hellip;&nbsp;Pol\u00edtica de cookies","og_url":"https:\/\/lotoarquitectos.com\/en\/politica-de-cookies\/","og_site_name":"Loto Arquitectos |\u00a0Arquitectos en Alicante","article_modified_time":"2025-12-01T12:31:52+00:00","twitter_card":"summary_large_image","twitter_misc":{"Estimated reading time":"2 minutes"},"schema":{"@context":"https:\/\/schema.org","@graph":[{"@type":"WebPage","@id":"https:\/\/lotoarquitectos.com\/politica-de-cookies\/","url":"https:\/\/lotoarquitectos.com\/politica-de-cookies\/","name":"Pol\u00edtica de cookies - Loto Arquitectos |\u00a0Arquitectos en Alicante","isPartOf":{"@id":"https:\/\/lotoarquitectos.com\/es\/#website"},"datePublished":"2025-12-01T12:28:39+00:00","dateModified":"2025-12-01T12:31:52+00:00","breadcrumb":{"@id":"https:\/\/lotoarquitectos.com\/politica-de-cookies\/#breadcrumb"},"inLanguage":"en-GB","potentialAction":[{"@type":"ReadAction","target":["https:\/\/lotoarquitectos.com\/politica-de-cookies\/"]}]},{"@type":"BreadcrumbList","@id":"https:\/\/lotoarquitectos.com\/politica-de-cookies\/#breadcrumb","itemListElement":[{"@type":"ListItem","position":1,"name":"Portada","item":"https:\/\/lotoarquitectos.com\/"},{"@type":"ListItem","position":2,"name":"Pol\u00edtica de cookies"}]},{"@type":"WebSite","@id":"https:\/\/lotoarquitectos.com\/es\/#website","url":"https:\/\/lotoarquitectos.com\/es\/","name":"Loto Arquitectos | Architects in Alicante","description":"LOTO arquitectos es un estudio de arquitectura y dise\u00f1o fundado en Altea, centrado en el desarrollo de proyectos de vivienda de lujo.","potentialAction":[{"@type":"SearchAction","target":{"@type":"EntryPoint","urlTemplate":"https:\/\/lotoarquitectos.com\/es\/?s={search_term_string}"},"query-input":{"@type":"PropertyValueSpecification","valueRequired":true,"valueName":"search_term_string"}}],"inLanguage":"en-GB"}]}},"_links":{"self":[{"href":"https:\/\/lotoarquitectos.com\/en\/wp-json\/wp\/v2\/pages\/831","targetHints":{"allow":["GET"]}}],"collection":[{"href":"https:\/\/lotoarquitectos.com\/en\/wp-json\/wp\/v2\/pages"}],"about":[{"href":"https:\/\/lotoarquitectos.com\/en\/wp-json\/wp\/v2\/types\/page"}],"author":[{"embeddable":true,"href":"https:\/\/lotoarquitectos.com\/en\/wp-json\/wp\/v2\/users\/1"}],"replies":[{"embeddable":true,"href":"https:\/\/lotoarquitectos.com\/en\/wp-json\/wp\/v2\/comments?post=831"}],"version-history":[{"count":7,"href":"https:\/\/lotoarquitectos.com\/en\/wp-json\/wp\/v2\/pages\/831\/revisions"}],"predecessor-version":[{"id":847,"href":"https:\/\/lotoarquitectos.com\/en\/wp-json\/wp\/v2\/pages\/831\/revisions\/847"}],"wp:attachment":[{"href":"https:\/\/lotoarquitectos.com\/en\/wp-json\/wp\/v2\/media?parent=831"}],"curies":[{"name":"wp","href":"https:\/\/api.w.org\/{rel}","templated":true}]}}