{"id":821,"date":"2025-12-01T12:23:01","date_gmt":"2025-12-01T12:23:01","guid":{"rendered":"https:\/\/lotoarquitectos.com\/?page_id=821"},"modified":"2025-12-01T12:32:47","modified_gmt":"2025-12-01T12:32:47","slug":"politica-de-privacidad","status":"publish","type":"page","link":"https:\/\/lotoarquitectos.com\/es\/politica-de-privacidad\/","title":{"rendered":"Pol\u00edtica de privacidad"},"content":{"rendered":"\t\t<div data-elementor-type=\"wp-page\" data-elementor-id=\"821\" class=\"elementor elementor-821\" data-elementor-post-type=\"page\">\n\t\t\t\t<div class=\"elementor-element elementor-element-24f9d586 e-flex e-con-boxed e-con e-parent\" data-id=\"24f9d586\" data-element_type=\"container\" data-e-type=\"container\" data-settings=\"{&quot;background_background&quot;:&quot;classic&quot;}\">\n\t\t\t\t\t<div class=\"e-con-inner\">\n\t\t\t\t\t<\/div>\n\t\t\t\t<\/div>\n\t\t<div class=\"elementor-element elementor-element-ad35af5 e-flex e-con-boxed e-con e-parent\" data-id=\"ad35af5\" data-element_type=\"container\" data-e-type=\"container\">\n\t\t\t\t\t<div class=\"e-con-inner\">\n\t\t\t\t<div class=\"elementor-element elementor-element-dc41bf5 elementor-widget elementor-widget-text-editor\" data-id=\"dc41bf5\" data-element_type=\"widget\" data-e-type=\"widget\" data-widget_type=\"text-editor.default\">\n\t\t\t\t\t\t\t\t\t<p data-start=\"163\" data-end=\"471\">En <strong data-start=\"166\" data-end=\"191\">Eugenio Torres Pastor<\/strong> nos comprometemos a proteger la privacidad y los datos personales de nuestros usuarios. Esta Pol\u00edtica de Privacidad tiene como objetivo informarte sobre c\u00f3mo recopilamos, utilizamos, protegemos y compartimos tu informaci\u00f3n personal cuando accedes a nuestro sitio web y servicios.<\/p><hr data-start=\"473\" data-end=\"476\" \/><h5 data-start=\"478\" data-end=\"516\"><strong data-start=\"482\" data-end=\"516\">1. Responsable del Tratamiento<\/strong><\/h5><p data-start=\"518\" data-end=\"775\"><strong data-start=\"518\" data-end=\"529\">Nombre:<\/strong> Eugenio Torres Pastor<br data-start=\"551\" data-end=\"554\" \/><strong data-start=\"554\" data-end=\"566\">NIF\/NIT:<\/strong> 15416299C<br data-start=\"576\" data-end=\"579\" \/><strong data-start=\"579\" data-end=\"593\">Direcci\u00f3n:<\/strong> C\/Conde de Altea 17, entresuelo A, 03590 \u2014 Altea<br data-start=\"642\" data-end=\"645\" \/><strong data-start=\"645\" data-end=\"668\">Correo electr\u00f3nico:<\/strong> <a class=\"decorated-link cursor-pointer\" rel=\"noopener\" data-start=\"669\" data-end=\"696\">digital@lotoarquitectos.com<\/a><br data-start=\"696\" data-end=\"699\" \/><strong data-start=\"699\" data-end=\"712\">Tel\u00e9fono:<\/strong> +34 678 892 215<br data-start=\"728\" data-end=\"731\" \/><strong data-start=\"731\" data-end=\"745\">Sitio web:<\/strong> <a class=\"decorated-link\" href=\"https:\/\/lotoarquitectos.com\" target=\"_new\" rel=\"noopener\" data-start=\"746\" data-end=\"773\">https:\/\/lotoarquitectos.com<\/a><\/p><hr data-start=\"777\" data-end=\"780\" \/><h5 data-start=\"782\" data-end=\"821\"><strong data-start=\"786\" data-end=\"821\">2. Datos Personales Recopilados<\/strong><\/h5><p data-start=\"823\" data-end=\"924\">En <strong data-start=\"826\" data-end=\"849\">lotoarquitectos.com<\/strong> recopilamos los siguientes datos personales a trav\u00e9s de nuestro sitio web:<\/p><ul data-start=\"926\" data-end=\"1232\"><li data-start=\"926\" data-end=\"1033\"><p data-start=\"928\" data-end=\"1033\"><strong data-start=\"928\" data-end=\"954\">Datos identificativos:<\/strong> Nombre, apellidos, correo electr\u00f3nico, n\u00famero de tel\u00e9fono, direcci\u00f3n f\u00edsica.<\/p><\/li><li data-start=\"1034\" data-end=\"1232\"><p data-start=\"1036\" data-end=\"1232\"><strong data-start=\"1036\" data-end=\"1060\">Datos de navegaci\u00f3n:<\/strong> Direcci\u00f3n IP, tipo de navegador, p\u00e1ginas visitadas, tiempo de permanencia, clics realizados y cualquier informaci\u00f3n generada mediante la interacci\u00f3n con nuestro sitio web.<\/p><\/li><\/ul><hr data-start=\"1234\" data-end=\"1237\" \/><h5 data-start=\"1239\" data-end=\"1301\"><strong data-start=\"1243\" data-end=\"1301\">3. Finalidades del Tratamiento de los Datos Personales<\/strong><\/h5><p data-start=\"1303\" data-end=\"1356\">Los datos personales recopilados son utilizados para:<\/p><ul data-start=\"1358\" data-end=\"1827\"><li data-start=\"1358\" data-end=\"1469\"><p data-start=\"1360\" data-end=\"1469\"><strong data-start=\"1360\" data-end=\"1388\">Prestaci\u00f3n de servicios:<\/strong> Gestionar solicitudes, consultas o servicios ofertados a trav\u00e9s del sitio web.<\/p><\/li><li data-start=\"1470\" data-end=\"1623\"><p data-start=\"1472\" data-end=\"1623\"><strong data-start=\"1472\" data-end=\"1499\">Comunicaci\u00f3n comercial:<\/strong> Enviar informaci\u00f3n relacionada con nuestros servicios, novedades u ofertas cuando el usuario haya dado su consentimiento.<\/p><\/li><li data-start=\"1624\" data-end=\"1749\"><p data-start=\"1626\" data-end=\"1749\"><strong data-start=\"1626\" data-end=\"1651\">Mejora del sitio web:<\/strong> Analizar el comportamiento del usuario para optimizar la experiencia y funcionalidad del sitio.<\/p><\/li><li data-start=\"1750\" data-end=\"1827\"><p data-start=\"1752\" data-end=\"1827\"><strong data-start=\"1752\" data-end=\"1775\">Cumplimiento legal:<\/strong> Dar cumplimiento a obligaciones legales y fiscales.<\/p><\/li><\/ul><hr data-start=\"1829\" data-end=\"1832\" \/><h5 data-start=\"1834\" data-end=\"1877\"><strong data-start=\"1838\" data-end=\"1877\">4. Legitimaci\u00f3n para el Tratamiento<\/strong><\/h5><p data-start=\"1879\" data-end=\"1945\">Las bases legales para el tratamiento de tus datos personales son:<\/p><ul data-start=\"1947\" data-end=\"2289\"><li data-start=\"1947\" data-end=\"2050\"><p data-start=\"1949\" data-end=\"2050\"><strong data-start=\"1949\" data-end=\"1978\">Ejecuci\u00f3n de un contrato:<\/strong> Cuando los datos se requieren para prestar los servicios solicitados.<\/p><\/li><li data-start=\"2051\" data-end=\"2183\"><p data-start=\"2053\" data-end=\"2183\"><strong data-start=\"2053\" data-end=\"2084\">Consentimiento del usuario:<\/strong> Para el env\u00edo de comunicaciones comerciales u otros servicios que requieran autorizaci\u00f3n previa.<\/p><\/li><li data-start=\"2184\" data-end=\"2289\"><p data-start=\"2186\" data-end=\"2289\"><strong data-start=\"2186\" data-end=\"2207\">Inter\u00e9s leg\u00edtimo:<\/strong> Para mejorar el funcionamiento de nuestro sitio web y la experiencia del usuario.<\/p><\/li><\/ul><hr data-start=\"2291\" data-end=\"2294\" \/><h5 data-start=\"2296\" data-end=\"2343\"><strong data-start=\"2300\" data-end=\"2343\">5. Conservaci\u00f3n de los Datos Personales<\/strong><\/h5><p data-start=\"2345\" data-end=\"2623\">Los datos personales se conservar\u00e1n \u00fanicamente durante el tiempo necesario para las finalidades con las que fueron recabados y para el cumplimiento de las obligaciones legales aplicables.<br data-start=\"2532\" data-end=\"2535\" \/>Cuando ya no sean necesarios, los datos ser\u00e1n eliminados o anonimizados de forma segura.<\/p><hr data-start=\"2625\" data-end=\"2628\" \/><h5 data-start=\"2630\" data-end=\"2678\"><strong data-start=\"2634\" data-end=\"2678\">6. Destinatarios de los Datos Personales<\/strong><\/h5><p data-start=\"2680\" data-end=\"2763\">Tus datos no ser\u00e1n vendidos ni cedidos a terceros, excepto en los siguientes casos:<\/p><ul data-start=\"2765\" data-end=\"3062\"><li data-start=\"2765\" data-end=\"2940\"><p data-start=\"2767\" data-end=\"2940\"><strong data-start=\"2767\" data-end=\"2805\">Proveedores de servicios externos:<\/strong> Como servicios de hosting, anal\u00edtica web u otros proveedores tecnol\u00f3gicos que operan bajo acuerdos de confidencialidad y privacidad.<\/p><\/li><li data-start=\"2941\" data-end=\"3062\"><p data-start=\"2943\" data-end=\"3062\"><strong data-start=\"2943\" data-end=\"2968\">Obligaciones legales:<\/strong> Cuando sea necesario ceder datos a autoridades competentes conforme a la legislaci\u00f3n vigente.<\/p><\/li><\/ul><hr data-start=\"3064\" data-end=\"3067\" \/><h5 data-start=\"3069\" data-end=\"3104\"><strong data-start=\"3073\" data-end=\"3104\">7. Derechos de los Usuarios<\/strong><\/h5><p data-start=\"3106\" data-end=\"3159\">Como usuario, puedes ejercer los siguientes derechos:<\/p><ul data-start=\"3161\" data-end=\"3531\"><li data-start=\"3161\" data-end=\"3199\"><p data-start=\"3163\" data-end=\"3199\"><strong data-start=\"3163\" data-end=\"3173\">Acceso<\/strong> a tus datos personales.<\/p><\/li><li data-start=\"3200\" data-end=\"3261\"><p data-start=\"3202\" data-end=\"3261\"><strong data-start=\"3202\" data-end=\"3219\">Rectificaci\u00f3n<\/strong> de informaci\u00f3n incorrecta o incompleta.<\/p><\/li><li data-start=\"3262\" data-end=\"3322\"><p data-start=\"3264\" data-end=\"3322\"><strong data-start=\"3264\" data-end=\"3277\">Supresi\u00f3n<\/strong> de tus datos cuando ya no sean necesarios.<\/p><\/li><li data-start=\"3323\" data-end=\"3387\"><p data-start=\"3325\" data-end=\"3387\"><strong data-start=\"3325\" data-end=\"3338\">Oposici\u00f3n<\/strong> al tratamiento en determinadas circunstancias.<\/p><\/li><li data-start=\"3388\" data-end=\"3461\"><p data-start=\"3390\" data-end=\"3461\"><strong data-start=\"3390\" data-end=\"3404\">Limitaci\u00f3n<\/strong> del tratamiento cuando as\u00ed lo establezca la normativa.<\/p><\/li><li data-start=\"3462\" data-end=\"3531\"><p data-start=\"3464\" data-end=\"3531\"><strong data-start=\"3464\" data-end=\"3480\">Portabilidad<\/strong> de tus datos en un formato estructurado y legible.<\/p><\/li><\/ul><p data-start=\"3533\" data-end=\"3681\">Puedes ejercer estos derechos enviando una solicitud a:<br data-start=\"3588\" data-end=\"3591\" \/>\ud83d\udce9 <strong data-start=\"3594\" data-end=\"3625\"><a class=\"decorated-link cursor-pointer\" rel=\"noopener\" data-start=\"3596\" data-end=\"3623\">digital@lotoarquitectos.com<\/a><\/strong><br data-start=\"3625\" data-end=\"3628\" \/>\ud83d\udccd O a la direcci\u00f3n f\u00edsica indicada en el apartado 1.<\/p><p data-start=\"3683\" data-end=\"3834\">Tambi\u00e9n puedes presentar una reclamaci\u00f3n ante la <strong data-start=\"3732\" data-end=\"3782\">Agencia Espa\u00f1ola de Protecci\u00f3n de Datos (AEPD)<\/strong> si consideras que tus derechos han sido vulnerados.<\/p><hr data-start=\"3836\" data-end=\"3839\" \/><h5 data-start=\"3841\" data-end=\"3874\"><strong data-start=\"3845\" data-end=\"3874\">8. Seguridad de los Datos<\/strong><\/h5><p data-start=\"3876\" data-end=\"4131\">Aplicamos medidas t\u00e9cnicas y organizativas para garantizar la seguridad de tus datos personales frente a accesos no autorizados, p\u00e9rdida, alteraci\u00f3n o divulgaci\u00f3n.<br data-start=\"4039\" data-end=\"4042\" \/>Aun as\u00ed, debes tener en cuenta que ninguna medida en Internet es completamente infalible.<\/p><hr data-start=\"4133\" data-end=\"4136\" \/><h5 data-start=\"4138\" data-end=\"4185\"><strong data-start=\"4142\" data-end=\"4185\">9. Cambios en la Pol\u00edtica de Privacidad<\/strong><\/h5><p data-start=\"4187\" data-end=\"4404\">Eugenio Torres Pastor se reserva el derecho de modificar esta Pol\u00edtica de Privacidad en cualquier momento.<br data-start=\"4293\" data-end=\"4296\" \/>Las actualizaciones ser\u00e1n publicadas en este sitio web, por lo que te recomendamos revisarla peri\u00f3dicamente.<\/p><hr data-start=\"4406\" data-end=\"4409\" \/><h5 data-start=\"4411\" data-end=\"4431\"><strong data-start=\"4415\" data-end=\"4431\">10. Contacto<\/strong><\/h5><p data-start=\"4433\" data-end=\"4558\">Para cualquier duda sobre esta Pol\u00edtica de Privacidad o sobre el tratamiento de tus datos personales, puedes contactarnos en:<\/p><p data-start=\"4560\" data-end=\"4621\">\ud83d\udce9 <strong data-start=\"4563\" data-end=\"4594\"><a class=\"decorated-link cursor-pointer\" rel=\"noopener\" data-start=\"4565\" data-end=\"4592\">digital@lotoarquitectos.com<\/a><\/strong><br data-start=\"4594\" data-end=\"4597\" \/>\ud83d\udcde <strong data-start=\"4600\" data-end=\"4619\">+34 678 892 215<\/strong><\/p>\t\t\t\t\t\t\t\t<\/div>\n\t\t\t\t\t<\/div>\n\t\t\t\t<\/div>\n\t\t\t\t<\/div>\n\t\t","protected":false},"excerpt":{"rendered":"<p>En Eugenio Torres Pastor nos comprometemos a proteger la privacidad y los datos personales de nuestros usuarios. Esta Pol\u00edtica de Privacidad tiene como objetivo informarte sobre c\u00f3mo recopilamos, utilizamos, protegemos y compartimos tu informaci\u00f3n personal cuando accedes a nuestro sitio web y servicios. 1. Responsable del Tratamiento Nombre: Eugenio Torres PastorNIF\/NIT: 15416299CDirecci\u00f3n: C\/Conde de Altea&hellip;&nbsp;<a href=\"https:\/\/lotoarquitectos.com\/es\/politica-de-privacidad\/\" rel=\"bookmark\"><span class=\"screen-reader-text\">Pol\u00edtica de privacidad<\/span><\/a><\/p>\n","protected":false},"author":1,"featured_media":0,"parent":0,"menu_order":0,"comment_status":"closed","ping_status":"closed","template":"page-templates\/template-pagebuilder-full-width.php","meta":{"_acf_changed":false,"neve_meta_sidebar":"","neve_meta_container":"","neve_meta_enable_content_width":"off","neve_meta_content_width":100,"neve_meta_title_alignment":"","neve_meta_author_avatar":"","neve_post_elements_order":"","neve_meta_disable_header":"","neve_meta_disable_footer":"","neve_meta_disable_title":"","_joinchat":[],"footnotes":""},"class_list":["post-821","page","type-page","status-publish","hentry"],"acf":[],"yoast_head":"<!-- This site is optimized with the Yoast SEO plugin v27.1.1 - https:\/\/yoast.com\/product\/yoast-seo-wordpress\/ -->\n<title>Pol\u00edtica de privacidad - Loto Arquitectos |\u00a0Arquitectos en Alicante<\/title>\n<meta name=\"robots\" content=\"index, follow, max-snippet:-1, max-image-preview:large, max-video-preview:-1\" \/>\n<link rel=\"canonical\" href=\"https:\/\/lotoarquitectos.com\/es\/politica-de-privacidad\/\" \/>\n<meta property=\"og:locale\" content=\"es_ES\" \/>\n<meta property=\"og:type\" content=\"article\" \/>\n<meta property=\"og:title\" content=\"Pol\u00edtica de privacidad - Loto Arquitectos |\u00a0Arquitectos en Alicante\" \/>\n<meta property=\"og:description\" content=\"En Eugenio Torres Pastor nos comprometemos a proteger la privacidad y los datos personales de nuestros usuarios. Esta Pol\u00edtica de Privacidad tiene como objetivo informarte sobre c\u00f3mo recopilamos, utilizamos, protegemos y compartimos tu informaci\u00f3n personal cuando accedes a nuestro sitio web y servicios. 1. Responsable del Tratamiento Nombre: Eugenio Torres PastorNIF\/NIT: 15416299CDirecci\u00f3n: C\/Conde de Altea&hellip;&nbsp;Pol\u00edtica de privacidad\" \/>\n<meta property=\"og:url\" content=\"https:\/\/lotoarquitectos.com\/es\/politica-de-privacidad\/\" \/>\n<meta property=\"og:site_name\" content=\"Loto Arquitectos |\u00a0Arquitectos en Alicante\" \/>\n<meta property=\"article:modified_time\" content=\"2025-12-01T12:32:47+00:00\" \/>\n<meta name=\"twitter:card\" content=\"summary_large_image\" \/>\n<meta name=\"twitter:label1\" content=\"Tiempo de lectura\" \/>\n\t<meta name=\"twitter:data1\" content=\"3 minutos\" \/>\n<script type=\"application\/ld+json\" class=\"yoast-schema-graph\">{\"@context\":\"https:\/\/schema.org\",\"@graph\":[{\"@type\":\"WebPage\",\"@id\":\"https:\/\/lotoarquitectos.com\/politica-de-privacidad\/\",\"url\":\"https:\/\/lotoarquitectos.com\/politica-de-privacidad\/\",\"name\":\"Pol\u00edtica de privacidad - Loto Arquitectos |\u00a0Arquitectos en Alicante\",\"isPartOf\":{\"@id\":\"https:\/\/lotoarquitectos.com\/es\/#website\"},\"datePublished\":\"2025-12-01T12:23:01+00:00\",\"dateModified\":\"2025-12-01T12:32:47+00:00\",\"breadcrumb\":{\"@id\":\"https:\/\/lotoarquitectos.com\/politica-de-privacidad\/#breadcrumb\"},\"inLanguage\":\"es\",\"potentialAction\":[{\"@type\":\"ReadAction\",\"target\":[\"https:\/\/lotoarquitectos.com\/politica-de-privacidad\/\"]}]},{\"@type\":\"BreadcrumbList\",\"@id\":\"https:\/\/lotoarquitectos.com\/politica-de-privacidad\/#breadcrumb\",\"itemListElement\":[{\"@type\":\"ListItem\",\"position\":1,\"name\":\"Portada\",\"item\":\"https:\/\/lotoarquitectos.com\/\"},{\"@type\":\"ListItem\",\"position\":2,\"name\":\"Pol\u00edtica de privacidad\"}]},{\"@type\":\"WebSite\",\"@id\":\"https:\/\/lotoarquitectos.com\/es\/#website\",\"url\":\"https:\/\/lotoarquitectos.com\/es\/\",\"name\":\"Loto Arquitectos |\u00a0Arquitectos en Alicante\",\"description\":\"LOTO arquitectos es un estudio de arquitectura y dise\u00f1o fundado en Altea, centrado en el desarrollo de proyectos de vivienda de lujo.\",\"potentialAction\":[{\"@type\":\"SearchAction\",\"target\":{\"@type\":\"EntryPoint\",\"urlTemplate\":\"https:\/\/lotoarquitectos.com\/es\/?s={search_term_string}\"},\"query-input\":{\"@type\":\"PropertyValueSpecification\",\"valueRequired\":true,\"valueName\":\"search_term_string\"}}],\"inLanguage\":\"es\"}]}<\/script>\n<!-- \/ Yoast SEO plugin. -->","yoast_head_json":{"title":"Pol\u00edtica de privacidad - Loto Arquitectos |\u00a0Arquitectos en Alicante","robots":{"index":"index","follow":"follow","max-snippet":"max-snippet:-1","max-image-preview":"max-image-preview:large","max-video-preview":"max-video-preview:-1"},"canonical":"https:\/\/lotoarquitectos.com\/es\/politica-de-privacidad\/","og_locale":"es_ES","og_type":"article","og_title":"Pol\u00edtica de privacidad - Loto Arquitectos |\u00a0Arquitectos en Alicante","og_description":"En Eugenio Torres Pastor nos comprometemos a proteger la privacidad y los datos personales de nuestros usuarios. Esta Pol\u00edtica de Privacidad tiene como objetivo informarte sobre c\u00f3mo recopilamos, utilizamos, protegemos y compartimos tu informaci\u00f3n personal cuando accedes a nuestro sitio web y servicios. 1. Responsable del Tratamiento Nombre: Eugenio Torres PastorNIF\/NIT: 15416299CDirecci\u00f3n: C\/Conde de Altea&hellip;&nbsp;Pol\u00edtica de privacidad","og_url":"https:\/\/lotoarquitectos.com\/es\/politica-de-privacidad\/","og_site_name":"Loto Arquitectos |\u00a0Arquitectos en Alicante","article_modified_time":"2025-12-01T12:32:47+00:00","twitter_card":"summary_large_image","twitter_misc":{"Tiempo de lectura":"3 minutos"},"schema":{"@context":"https:\/\/schema.org","@graph":[{"@type":"WebPage","@id":"https:\/\/lotoarquitectos.com\/politica-de-privacidad\/","url":"https:\/\/lotoarquitectos.com\/politica-de-privacidad\/","name":"Pol\u00edtica de privacidad - Loto Arquitectos |\u00a0Arquitectos en Alicante","isPartOf":{"@id":"https:\/\/lotoarquitectos.com\/es\/#website"},"datePublished":"2025-12-01T12:23:01+00:00","dateModified":"2025-12-01T12:32:47+00:00","breadcrumb":{"@id":"https:\/\/lotoarquitectos.com\/politica-de-privacidad\/#breadcrumb"},"inLanguage":"es","potentialAction":[{"@type":"ReadAction","target":["https:\/\/lotoarquitectos.com\/politica-de-privacidad\/"]}]},{"@type":"BreadcrumbList","@id":"https:\/\/lotoarquitectos.com\/politica-de-privacidad\/#breadcrumb","itemListElement":[{"@type":"ListItem","position":1,"name":"Portada","item":"https:\/\/lotoarquitectos.com\/"},{"@type":"ListItem","position":2,"name":"Pol\u00edtica de privacidad"}]},{"@type":"WebSite","@id":"https:\/\/lotoarquitectos.com\/es\/#website","url":"https:\/\/lotoarquitectos.com\/es\/","name":"Loto Arquitectos |\u00a0Arquitectos en Alicante","description":"LOTO arquitectos es un estudio de arquitectura y dise\u00f1o fundado en Altea, centrado en el desarrollo de proyectos de vivienda de lujo.","potentialAction":[{"@type":"SearchAction","target":{"@type":"EntryPoint","urlTemplate":"https:\/\/lotoarquitectos.com\/es\/?s={search_term_string}"},"query-input":{"@type":"PropertyValueSpecification","valueRequired":true,"valueName":"search_term_string"}}],"inLanguage":"es"}]}},"_links":{"self":[{"href":"https:\/\/lotoarquitectos.com\/es\/wp-json\/wp\/v2\/pages\/821","targetHints":{"allow":["GET"]}}],"collection":[{"href":"https:\/\/lotoarquitectos.com\/es\/wp-json\/wp\/v2\/pages"}],"about":[{"href":"https:\/\/lotoarquitectos.com\/es\/wp-json\/wp\/v2\/types\/page"}],"author":[{"embeddable":true,"href":"https:\/\/lotoarquitectos.com\/es\/wp-json\/wp\/v2\/users\/1"}],"replies":[{"embeddable":true,"href":"https:\/\/lotoarquitectos.com\/es\/wp-json\/wp\/v2\/comments?post=821"}],"version-history":[{"count":10,"href":"https:\/\/lotoarquitectos.com\/es\/wp-json\/wp\/v2\/pages\/821\/revisions"}],"predecessor-version":[{"id":850,"href":"https:\/\/lotoarquitectos.com\/es\/wp-json\/wp\/v2\/pages\/821\/revisions\/850"}],"wp:attachment":[{"href":"https:\/\/lotoarquitectos.com\/es\/wp-json\/wp\/v2\/media?parent=821"}],"curies":[{"name":"wp","href":"https:\/\/api.w.org\/{rel}","templated":true}]}}