{"id":836,"date":"2025-12-01T12:29:38","date_gmt":"2025-12-01T12:29:38","guid":{"rendered":"https:\/\/lotoarquitectos.com\/?page_id=836"},"modified":"2025-12-01T12:30:48","modified_gmt":"2025-12-01T12:30:48","slug":"aviso-legal","status":"publish","type":"page","link":"https:\/\/lotoarquitectos.com\/es\/aviso-legal\/","title":{"rendered":"Aviso legal"},"content":{"rendered":"\t\t<div data-elementor-type=\"wp-page\" data-elementor-id=\"836\" class=\"elementor elementor-836\" data-elementor-post-type=\"page\">\n\t\t\t\t<div class=\"elementor-element elementor-element-24f9d586 e-flex e-con-boxed e-con e-parent\" data-id=\"24f9d586\" data-element_type=\"container\" data-e-type=\"container\" data-settings=\"{&quot;background_background&quot;:&quot;classic&quot;}\">\n\t\t\t\t\t<div class=\"e-con-inner\">\n\t\t\t\t\t<\/div>\n\t\t\t\t<\/div>\n\t\t<div class=\"elementor-element elementor-element-ad35af5 e-flex e-con-boxed e-con e-parent\" data-id=\"ad35af5\" data-element_type=\"container\" data-e-type=\"container\">\n\t\t\t\t\t<div class=\"e-con-inner\">\n\t\t\t\t<div class=\"elementor-element elementor-element-dc41bf5 elementor-widget elementor-widget-text-editor\" data-id=\"dc41bf5\" data-element_type=\"widget\" data-e-type=\"widget\" data-widget_type=\"text-editor.default\">\n\t\t\t\t\t\t\t\t\t<p data-start=\"197\" data-end=\"416\">En cumplimiento con lo dispuesto en la <strong data-start=\"236\" data-end=\"350\">Ley 34\/2002, de 11 de julio, de Servicios de la Sociedad de la Informaci\u00f3n y de Comercio Electr\u00f3nico (LSSI-CE)<\/strong>, se informa de los siguientes aspectos legales de este sitio web:<\/p><hr data-start=\"418\" data-end=\"421\" \/><h5 data-start=\"423\" data-end=\"455\"><strong data-start=\"426\" data-end=\"455\">Titularidad del Sitio Web<\/strong><\/h5><p data-start=\"457\" data-end=\"727\"><strong data-start=\"457\" data-end=\"469\">Titular:<\/strong> Eugenio Torres Pastor<br data-start=\"491\" data-end=\"494\" \/><strong data-start=\"494\" data-end=\"502\">NIF:<\/strong> 15416299C<br data-start=\"512\" data-end=\"515\" \/><strong data-start=\"515\" data-end=\"545\">Domicilio fiscal y social:<\/strong> C\/Conde de Altea 17, entresuelo A, 03590 \u2014 Altea<br data-start=\"594\" data-end=\"597\" \/><strong data-start=\"597\" data-end=\"620\">Correo electr\u00f3nico:<\/strong> <a class=\"decorated-link cursor-pointer\" rel=\"noopener\" data-start=\"621\" data-end=\"648\">digital@lotoarquitectos.com<\/a><br data-start=\"648\" data-end=\"651\" \/><strong data-start=\"651\" data-end=\"665\">Sitio web:<\/strong> <a class=\"decorated-link\" href=\"https:\/\/lotoarquitectos.com\" target=\"_new\" rel=\"noopener\" data-start=\"666\" data-end=\"693\">https:\/\/lotoarquitectos.com<\/a><br data-start=\"693\" data-end=\"696\" \/><strong data-start=\"696\" data-end=\"709\">Tel\u00e9fono:<\/strong> +34 678 892 215<\/p><hr data-start=\"729\" data-end=\"732\" \/><h5 data-start=\"734\" data-end=\"759\"><strong data-start=\"737\" data-end=\"759\">Condiciones de Uso<\/strong><\/h5><p data-start=\"761\" data-end=\"1029\">El acceso y uso del sitio web <strong data-start=\"791\" data-end=\"814\">lotoarquitectos.com<\/strong> atribuye la condici\u00f3n de usuario e implica la aceptaci\u00f3n plena y sin reservas de todas las disposiciones incluidas en este Aviso Legal, en la versi\u00f3n publicada en el mismo momento en que el usuario acceda al sitio.<\/p><p data-start=\"1031\" data-end=\"1258\">El usuario se compromete a hacer un uso adecuado del sitio web, a no emplearlo para actividades il\u00edcitas o contrarias a la buena fe y el orden p\u00fablico, y a no causar da\u00f1os a los sistemas f\u00edsicos y l\u00f3gicos del titular del sitio.<\/p><hr data-start=\"1260\" data-end=\"1263\" \/><h5 data-start=\"1265\" data-end=\"1306\"><strong data-start=\"1268\" data-end=\"1306\">Propiedad Intelectual e Industrial<\/strong><\/h5><p data-start=\"1308\" data-end=\"1581\">Todos los contenidos del sitio web (textos, fotograf\u00edas, im\u00e1genes, gr\u00e1ficos, iconos, dise\u00f1o gr\u00e1fico, c\u00f3digo fuente, software, y dem\u00e1s elementos audiovisuales o sonoros) son propiedad exclusiva de <strong data-start=\"1504\" data-end=\"1529\">Eugenio Torres Pastor<\/strong> o cuentan con las licencias necesarias para su uso.<\/p><p data-start=\"1583\" data-end=\"1752\">En ning\u00fan caso se entender\u00e1 que se concede al usuario licencia alguna sobre los derechos de explotaci\u00f3n m\u00e1s all\u00e1 de lo estrictamente necesario para el uso del sitio web.<\/p><p data-start=\"1754\" data-end=\"1922\">Queda prohibida la reproducci\u00f3n, distribuci\u00f3n, comunicaci\u00f3n p\u00fablica, transformaci\u00f3n o cualquier uso de los contenidos sin autorizaci\u00f3n previa y por escrito del titular.<\/p><hr data-start=\"1924\" data-end=\"1927\" \/><h5 data-start=\"1929\" data-end=\"1955\"><strong data-start=\"1932\" data-end=\"1955\">Protecci\u00f3n de Datos<\/strong><\/h5><p data-start=\"1957\" data-end=\"2180\"><strong data-start=\"1957\" data-end=\"1982\">Eugenio Torres Pastor<\/strong> cumple con el <strong data-start=\"1997\" data-end=\"2076\">Reglamento (UE) 2016\/679 (Reglamento General de Protecci\u00f3n de Datos \u2013 RGPD)<\/strong> y garantiza la correcta gesti\u00f3n y tratamiento de los datos personales recabados a trav\u00e9s del sitio web.<\/p><p data-start=\"2182\" data-end=\"2287\">Puedes consultar toda la informaci\u00f3n sobre c\u00f3mo tratamos los datos en nuestra <strong data-start=\"2260\" data-end=\"2286\">Pol\u00edtica de Privacidad<\/strong>.<\/p><hr data-start=\"2289\" data-end=\"2292\" \/><h5 data-start=\"2294\" data-end=\"2334\"><strong data-start=\"2297\" data-end=\"2334\">Responsabilidad de los Contenidos<\/strong><\/h5><p data-start=\"2336\" data-end=\"2476\">Eugenio Torres Pastor no se responsabiliza de la legalidad de otros sitios web de terceros desde los que pueda accederse a este sitio web.<\/p><p data-start=\"2478\" data-end=\"2620\">Tampoco se responsabiliza de la legalidad de otros sitios web de terceros que pudieran estar vinculados o enlazados desde lotoarquitectos.com.<\/p><p data-start=\"2622\" data-end=\"2748\">El titular no ser\u00e1 responsable del uso indebido que los usuarios hagan de la informaci\u00f3n o contenidos ofrecidos en este sitio.<\/p><hr data-start=\"2750\" data-end=\"2753\" \/><h5 data-start=\"2755\" data-end=\"2798\"><strong data-start=\"2758\" data-end=\"2798\">Legislaci\u00f3n y Jurisdicci\u00f3n Aplicable<\/strong><\/h5><p data-start=\"2800\" data-end=\"3132\">La relaci\u00f3n entre <strong data-start=\"2818\" data-end=\"2843\">Eugenio Torres Pastor<\/strong> y el usuario se regir\u00e1 por la normativa espa\u00f1ola vigente.<br data-start=\"2901\" data-end=\"2904\" \/>Para la resoluci\u00f3n de cualquier controversia o conflicto, salvo disposici\u00f3n legal en contrario, las partes se someter\u00e1n a los <strong data-start=\"3030\" data-end=\"3080\">Juzgados y Tribunales de la ciudad de Alicante<\/strong> (al corresponder con el domicilio del responsable).<\/p><hr data-start=\"3134\" data-end=\"3137\" \/><h5 data-start=\"3139\" data-end=\"3154\"><strong data-start=\"3142\" data-end=\"3154\">Contacto<\/strong><\/h5><p data-start=\"3156\" data-end=\"3221\">Si tienes dudas sobre este Aviso Legal, puedes contactarnos en:<\/p><p data-start=\"3223\" data-end=\"3282\">\ud83d\udce9 <strong data-start=\"3226\" data-end=\"3257\"><a class=\"decorated-link cursor-pointer\" rel=\"noopener\" data-start=\"3228\" data-end=\"3255\">digital@lotoarquitectos.com<\/a><\/strong><br data-start=\"3257\" data-end=\"3260\" \/>\ud83d\udcde <strong data-start=\"3263\" data-end=\"3282\">+34 678 892 215<\/strong><\/p>\t\t\t\t\t\t\t\t<\/div>\n\t\t\t\t\t<\/div>\n\t\t\t\t<\/div>\n\t\t\t\t<\/div>\n\t\t","protected":false},"excerpt":{"rendered":"<p>En cumplimiento con lo dispuesto en la Ley 34\/2002, de 11 de julio, de Servicios de la Sociedad de la Informaci\u00f3n y de Comercio Electr\u00f3nico (LSSI-CE), se informa de los siguientes aspectos legales de este sitio web: Titularidad del Sitio Web Titular: Eugenio Torres PastorNIF: 15416299CDomicilio fiscal y social: C\/Conde de Altea 17, entresuelo A,&hellip;&nbsp;<a href=\"https:\/\/lotoarquitectos.com\/es\/aviso-legal\/\" rel=\"bookmark\"><span class=\"screen-reader-text\">Aviso legal<\/span><\/a><\/p>\n","protected":false},"author":1,"featured_media":0,"parent":0,"menu_order":0,"comment_status":"closed","ping_status":"closed","template":"page-templates\/template-pagebuilder-full-width.php","meta":{"_acf_changed":false,"neve_meta_sidebar":"","neve_meta_container":"","neve_meta_enable_content_width":"off","neve_meta_content_width":100,"neve_meta_title_alignment":"","neve_meta_author_avatar":"","neve_post_elements_order":"","neve_meta_disable_header":"","neve_meta_disable_footer":"","neve_meta_disable_title":"","_joinchat":[],"footnotes":""},"class_list":["post-836","page","type-page","status-publish","hentry"],"acf":[],"yoast_head":"<!-- This site is optimized with the Yoast SEO plugin v27.1.1 - https:\/\/yoast.com\/product\/yoast-seo-wordpress\/ -->\n<title>Aviso legal - Loto Arquitectos |\u00a0Arquitectos en Alicante<\/title>\n<meta name=\"robots\" content=\"index, follow, max-snippet:-1, max-image-preview:large, max-video-preview:-1\" \/>\n<link rel=\"canonical\" href=\"https:\/\/lotoarquitectos.com\/es\/aviso-legal\/\" \/>\n<meta property=\"og:locale\" content=\"es_ES\" \/>\n<meta property=\"og:type\" content=\"article\" \/>\n<meta property=\"og:title\" content=\"Aviso legal - Loto Arquitectos |\u00a0Arquitectos en Alicante\" \/>\n<meta property=\"og:description\" content=\"En cumplimiento con lo dispuesto en la Ley 34\/2002, de 11 de julio, de Servicios de la Sociedad de la Informaci\u00f3n y de Comercio Electr\u00f3nico (LSSI-CE), se informa de los siguientes aspectos legales de este sitio web: Titularidad del Sitio Web Titular: Eugenio Torres PastorNIF: 15416299CDomicilio fiscal y social: C\/Conde de Altea 17, entresuelo A,&hellip;&nbsp;Aviso legal\" \/>\n<meta property=\"og:url\" content=\"https:\/\/lotoarquitectos.com\/es\/aviso-legal\/\" \/>\n<meta property=\"og:site_name\" content=\"Loto Arquitectos |\u00a0Arquitectos en Alicante\" \/>\n<meta property=\"article:modified_time\" content=\"2025-12-01T12:30:48+00:00\" \/>\n<meta name=\"twitter:card\" content=\"summary_large_image\" \/>\n<meta name=\"twitter:label1\" content=\"Tiempo de lectura\" \/>\n\t<meta name=\"twitter:data1\" content=\"2 minutos\" \/>\n<script type=\"application\/ld+json\" class=\"yoast-schema-graph\">{\"@context\":\"https:\/\/schema.org\",\"@graph\":[{\"@type\":\"WebPage\",\"@id\":\"https:\/\/lotoarquitectos.com\/aviso-legal\/\",\"url\":\"https:\/\/lotoarquitectos.com\/aviso-legal\/\",\"name\":\"Aviso legal - Loto Arquitectos |\u00a0Arquitectos en Alicante\",\"isPartOf\":{\"@id\":\"https:\/\/lotoarquitectos.com\/es\/#website\"},\"datePublished\":\"2025-12-01T12:29:38+00:00\",\"dateModified\":\"2025-12-01T12:30:48+00:00\",\"breadcrumb\":{\"@id\":\"https:\/\/lotoarquitectos.com\/aviso-legal\/#breadcrumb\"},\"inLanguage\":\"es\",\"potentialAction\":[{\"@type\":\"ReadAction\",\"target\":[\"https:\/\/lotoarquitectos.com\/aviso-legal\/\"]}]},{\"@type\":\"BreadcrumbList\",\"@id\":\"https:\/\/lotoarquitectos.com\/aviso-legal\/#breadcrumb\",\"itemListElement\":[{\"@type\":\"ListItem\",\"position\":1,\"name\":\"Portada\",\"item\":\"https:\/\/lotoarquitectos.com\/\"},{\"@type\":\"ListItem\",\"position\":2,\"name\":\"Aviso legal\"}]},{\"@type\":\"WebSite\",\"@id\":\"https:\/\/lotoarquitectos.com\/es\/#website\",\"url\":\"https:\/\/lotoarquitectos.com\/es\/\",\"name\":\"Loto Arquitectos |\u00a0Arquitectos en Alicante\",\"description\":\"LOTO arquitectos es un estudio de arquitectura y dise\u00f1o fundado en Altea, centrado en el desarrollo de proyectos de vivienda de lujo.\",\"potentialAction\":[{\"@type\":\"SearchAction\",\"target\":{\"@type\":\"EntryPoint\",\"urlTemplate\":\"https:\/\/lotoarquitectos.com\/es\/?s={search_term_string}\"},\"query-input\":{\"@type\":\"PropertyValueSpecification\",\"valueRequired\":true,\"valueName\":\"search_term_string\"}}],\"inLanguage\":\"es\"}]}<\/script>\n<!-- \/ Yoast SEO plugin. -->","yoast_head_json":{"title":"Aviso legal - Loto Arquitectos |\u00a0Arquitectos en Alicante","robots":{"index":"index","follow":"follow","max-snippet":"max-snippet:-1","max-image-preview":"max-image-preview:large","max-video-preview":"max-video-preview:-1"},"canonical":"https:\/\/lotoarquitectos.com\/es\/aviso-legal\/","og_locale":"es_ES","og_type":"article","og_title":"Aviso legal - Loto Arquitectos |\u00a0Arquitectos en Alicante","og_description":"En cumplimiento con lo dispuesto en la Ley 34\/2002, de 11 de julio, de Servicios de la Sociedad de la Informaci\u00f3n y de Comercio Electr\u00f3nico (LSSI-CE), se informa de los siguientes aspectos legales de este sitio web: Titularidad del Sitio Web Titular: Eugenio Torres PastorNIF: 15416299CDomicilio fiscal y social: C\/Conde de Altea 17, entresuelo A,&hellip;&nbsp;Aviso legal","og_url":"https:\/\/lotoarquitectos.com\/es\/aviso-legal\/","og_site_name":"Loto Arquitectos |\u00a0Arquitectos en Alicante","article_modified_time":"2025-12-01T12:30:48+00:00","twitter_card":"summary_large_image","twitter_misc":{"Tiempo de lectura":"2 minutos"},"schema":{"@context":"https:\/\/schema.org","@graph":[{"@type":"WebPage","@id":"https:\/\/lotoarquitectos.com\/aviso-legal\/","url":"https:\/\/lotoarquitectos.com\/aviso-legal\/","name":"Aviso legal - Loto Arquitectos |\u00a0Arquitectos en Alicante","isPartOf":{"@id":"https:\/\/lotoarquitectos.com\/es\/#website"},"datePublished":"2025-12-01T12:29:38+00:00","dateModified":"2025-12-01T12:30:48+00:00","breadcrumb":{"@id":"https:\/\/lotoarquitectos.com\/aviso-legal\/#breadcrumb"},"inLanguage":"es","potentialAction":[{"@type":"ReadAction","target":["https:\/\/lotoarquitectos.com\/aviso-legal\/"]}]},{"@type":"BreadcrumbList","@id":"https:\/\/lotoarquitectos.com\/aviso-legal\/#breadcrumb","itemListElement":[{"@type":"ListItem","position":1,"name":"Portada","item":"https:\/\/lotoarquitectos.com\/"},{"@type":"ListItem","position":2,"name":"Aviso legal"}]},{"@type":"WebSite","@id":"https:\/\/lotoarquitectos.com\/es\/#website","url":"https:\/\/lotoarquitectos.com\/es\/","name":"Loto Arquitectos |\u00a0Arquitectos en Alicante","description":"LOTO arquitectos es un estudio de arquitectura y dise\u00f1o fundado en Altea, centrado en el desarrollo de proyectos de vivienda de lujo.","potentialAction":[{"@type":"SearchAction","target":{"@type":"EntryPoint","urlTemplate":"https:\/\/lotoarquitectos.com\/es\/?s={search_term_string}"},"query-input":{"@type":"PropertyValueSpecification","valueRequired":true,"valueName":"search_term_string"}}],"inLanguage":"es"}]}},"_links":{"self":[{"href":"https:\/\/lotoarquitectos.com\/es\/wp-json\/wp\/v2\/pages\/836","targetHints":{"allow":["GET"]}}],"collection":[{"href":"https:\/\/lotoarquitectos.com\/es\/wp-json\/wp\/v2\/pages"}],"about":[{"href":"https:\/\/lotoarquitectos.com\/es\/wp-json\/wp\/v2\/types\/page"}],"author":[{"embeddable":true,"href":"https:\/\/lotoarquitectos.com\/es\/wp-json\/wp\/v2\/users\/1"}],"replies":[{"embeddable":true,"href":"https:\/\/lotoarquitectos.com\/es\/wp-json\/wp\/v2\/comments?post=836"}],"version-history":[{"count":8,"href":"https:\/\/lotoarquitectos.com\/es\/wp-json\/wp\/v2\/pages\/836\/revisions"}],"predecessor-version":[{"id":844,"href":"https:\/\/lotoarquitectos.com\/es\/wp-json\/wp\/v2\/pages\/836\/revisions\/844"}],"wp:attachment":[{"href":"https:\/\/lotoarquitectos.com\/es\/wp-json\/wp\/v2\/media?parent=836"}],"curies":[{"name":"wp","href":"https:\/\/api.w.org\/{rel}","templated":true}]}}